{"id":287,"date":"2018-12-11T11:55:08","date_gmt":"2018-12-11T10:55:08","guid":{"rendered":"http:\/\/a1.heise-homepage.de\/imprint\/"},"modified":"2022-09-14T14:20:51","modified_gmt":"2022-09-14T12:20:51","slug":"imprint","status":"publish","type":"page","link":"https:\/\/shop.austrodiesel.at\/en\/imprint\/","title":{"rendered":"Imprint"},"content":{"rendered":"\t\t<div data-elementor-type=\"wp-post\" data-elementor-id=\"287\" class=\"elementor elementor-287 elementor-11\" data-elementor-post-type=\"page\">\n\t\t\t\t\t\t<section class=\"elementor-section elementor-top-section elementor-element elementor-element-2b68a350 elementor-section-boxed elementor-section-height-default elementor-section-height-default\" data-id=\"2b68a350\" data-element_type=\"section\" data-e-type=\"section\">\n\t\t\t\t\t\t<div class=\"elementor-container elementor-column-gap-default\">\n\t\t\t\t\t<div class=\"elementor-column elementor-col-100 elementor-top-column elementor-element elementor-element-5ca96e6b\" data-id=\"5ca96e6b\" data-element_type=\"column\" data-e-type=\"column\">\n\t\t\t<div class=\"elementor-widget-wrap elementor-element-populated\">\n\t\t\t\t\t\t<div class=\"elementor-element elementor-element-d317475 elementor-widget elementor-widget-heading\" data-id=\"d317475\" data-element_type=\"widget\" data-e-type=\"widget\" data-widget_type=\"heading.default\">\n\t\t\t\t<div class=\"elementor-widget-container\">\n\t\t\t\t\t<h1 class=\"elementor-heading-title elementor-size-default\">Imprint<\/h1>\t\t\t\t<\/div>\n\t\t\t\t<\/div>\n\t\t\t\t<div class=\"elementor-element elementor-element-3ea5342 elementor-widget elementor-widget-text-editor\" data-id=\"3ea5342\" data-element_type=\"widget\" data-e-type=\"widget\" data-widget_type=\"text-editor.default\">\n\t\t\t\t<div class=\"elementor-widget-container\">\n\t\t\t\t\t\t\t\t\t<p>Verantwortlich f\u00fcr den Inhalt dieser Webseite im Sinn des E-Commerce-Gesetz &#8211; ECG:<\/p>\n<h2>Austro Diesel GmbH<\/h2>\n<p>Concorde Business Park 3\/2<br>2320 Schwechat<br>Austria<\/p>\n<p>Tel: +43 1 70120-338<br>Fax: +43 1 70120-4<br>E-Mail (Austro Diesel Shop): <a href=\"mailto:Fan-Shop@austrodiesel.at\">Fan-Shop@austrodiesel.at<br><\/a>Sie erreichen uns von Mo \u2013 Do von 8:00 bis 16:45 und am Fr von 8:00 bis 14:00<br><a href=\"http:\/\/www.austrodiesel.at\/\" target=\"_blank\" rel=\"noopener\">www.austrodiesel.at<\/a><\/p>\n<p>Gesch\u00e4ftsf\u00fchrender Gesellschafter: Ing. Johann Gram<br>Gesellschaftszweck: Handel mit Landmaschinen<br>Die Austro Diesel GmbH ist ein Mitglied der Wirtschaftskammer \u00d6sterreich.<br>Gewerberechtliche Vorschriften gelten nach der Gewerbeordnung von 1994 und k\u00f6nnen <a href=\"http:\/\/www.ris.bka.gv.at\/\" target=\"_blank\" rel=\"noopener\">hier<\/a> herangezogen werden.<\/p>\n<p>Firmenbuchnr.: FN 240246 d<br>Firmenbuchgericht: Landesgericht Korneuburg<br>Zust\u00e4ndige Gewerbebeh\u00f6rde: Bezirkshauptmannschaft Bruck an der Leitha<br>UID Nr. \u00d6sterreich: ATU 57 353 900<\/p>\n<p><b>Informationen zum Medieninhaber<\/b><br>Offenlegung nach \u00a7 25 Mediengesetz:<br>Medieninhaber: Die Austro Diesel GmbH hat ihren Hauptgesch\u00e4ftssitz in Schwechat, \u00d6sterreich.<\/p>\n<p>Gesch\u00e4ftsf\u00fchrender Gesellschafter: Ing. Johann Gram<br>Gesellschaftszweck: Handel mit Landmaschinen<br>Die Austro Diesel GmbH ist ein Mitglied der Wirtschaftskammer \u00d6sterreich.<\/p>\n<p>Gestaltung: <a href=\"https:\/\/heise-regioconcept.at\/\" target=\"_blank\" rel=\"noopener\">Heise Regio Concept<\/a> in Zusammenarbeit mit <a href=\"https:\/\/www.shop-rocket.at\" target=\"_blank\" rel=\"noopener\">ShopRocket<\/a><\/p>\t\t\t\t\t\t\t\t<\/div>\n\t\t\t\t<\/div>\n\t\t\t\t<div class=\"elementor-element elementor-element-2b120505 elementor-widget elementor-widget-shortcode\" data-id=\"2b120505\" data-element_type=\"widget\" data-e-type=\"widget\" data-widget_type=\"shortcode.default\">\n\t\t\t\t<div class=\"elementor-widget-container\">\n\t\t\t\t\t\t\t<div class=\"elementor-shortcode\"><div class=\"woocommerce woocommerce-gzd woocommerce-gzd-complaints-shortcode\">\n\t\t\t<h3>Information pursuant to \u00a7 19 (3) AStG<\/h3>\n\t\t<p>Alternative Dispute Resolution Act - Online stores<\/p>\n\t\nZur Teilnahme an einem Streitbeilegungsverfahren vor einer Verbraucherschlichtungsstelle sind wir nicht verpflichtet und nicht bereit.<\/div><\/div>\n\t\t\t\t\t\t<\/div>\n\t\t\t\t<\/div>\n\t\t\t\t\t<\/div>\n\t\t<\/div>\n\t\t\t\t\t<\/div>\n\t\t<\/section>\n\t\t\t\t<\/div>\n\t\t","protected":false},"excerpt":{"rendered":"<p>Imprint Verantwortlich f\u00fcr den Inhalt dieser Webseite im Sinn des E-Commerce-Gesetz &#8211; ECG: Austro Diesel GmbH Concorde Business Park 3\/22320 SchwechatAustria Tel: +43 1 70120-338Fax: +43 1 70120-4E-Mail (Austro Diesel Shop): Fan-Shop@austrodiesel.atSie erreichen uns von Mo \u2013 Do von 8:00 bis 16:45 und am Fr von 8:00 bis 14:00www.austrodiesel.at Gesch\u00e4ftsf\u00fchrender Gesellschafter: Ing. Johann GramGesellschaftszweck: Handel [&hellip;]<\/p>\n","protected":false},"author":95,"featured_media":0,"parent":0,"menu_order":0,"comment_status":"closed","ping_status":"closed","template":"","meta":{"footnotes":""},"class_list":["post-287","page","type-page","status-publish","hentry","entry","owp-thumbs-layout-horizontal","owp-btn-big","owp-tabs-layout-horizontal","has-no-thumbnails","circle-sale"],"yoast_head":"<!-- This site is optimized with the Yoast SEO plugin v27.4 - https:\/\/yoast.com\/product\/yoast-seo-wordpress\/ -->\n<title>Imprint - Austro Diesel Fanshop<\/title>\n<meta name=\"robots\" content=\"index, follow, max-snippet:-1, max-image-preview:large, max-video-preview:-1\" \/>\n<link rel=\"canonical\" href=\"https:\/\/shop.austrodiesel.at\/en\/imprint\/\" \/>\n<meta property=\"og:locale\" content=\"en_US\" \/>\n<meta property=\"og:type\" content=\"article\" \/>\n<meta property=\"og:title\" content=\"Imprint - Austro Diesel Fanshop\" \/>\n<meta property=\"og:description\" content=\"Imprint Verantwortlich f\u00fcr den Inhalt dieser Webseite im Sinn des E-Commerce-Gesetz &#8211; ECG: Austro Diesel GmbH Concorde Business Park 3\/22320 SchwechatAustria Tel: +43 1 70120-338Fax: +43 1 70120-4E-Mail (Austro Diesel Shop): Fan-Shop@austrodiesel.atSie erreichen uns von Mo \u2013 Do von 8:00 bis 16:45 und am Fr von 8:00 bis 14:00www.austrodiesel.at Gesch\u00e4ftsf\u00fchrender Gesellschafter: Ing. Johann GramGesellschaftszweck: Handel [&hellip;]\" \/>\n<meta property=\"og:url\" content=\"https:\/\/shop.austrodiesel.at\/en\/imprint\/\" \/>\n<meta property=\"og:site_name\" content=\"Austro Diesel Fanshop\" \/>\n<meta property=\"article:modified_time\" content=\"2022-09-14T12:20:51+00:00\" \/>\n<meta name=\"twitter:card\" content=\"summary_large_image\" \/>\n<meta name=\"twitter:label1\" content=\"Est. reading time\" \/>\n\t<meta name=\"twitter:data1\" content=\"1 minute\" \/>\n<script type=\"application\/ld+json\" class=\"yoast-schema-graph\">{\"@context\":\"https:\\\/\\\/schema.org\",\"@graph\":[{\"@type\":\"WebPage\",\"@id\":\"https:\\\/\\\/shop.austrodiesel.at\\\/en\\\/imprint\\\/\",\"url\":\"https:\\\/\\\/shop.austrodiesel.at\\\/en\\\/imprint\\\/\",\"name\":\"Imprint - Austro Diesel Fanshop\",\"isPartOf\":{\"@id\":\"https:\\\/\\\/shop.austrodiesel.at\\\/en\\\/#website\"},\"datePublished\":\"2018-12-11T10:55:08+00:00\",\"dateModified\":\"2022-09-14T12:20:51+00:00\",\"breadcrumb\":{\"@id\":\"https:\\\/\\\/shop.austrodiesel.at\\\/en\\\/imprint\\\/#breadcrumb\"},\"inLanguage\":\"en-US\",\"potentialAction\":[{\"@type\":\"ReadAction\",\"target\":[\"https:\\\/\\\/shop.austrodiesel.at\\\/en\\\/imprint\\\/\"]}]},{\"@type\":\"BreadcrumbList\",\"@id\":\"https:\\\/\\\/shop.austrodiesel.at\\\/en\\\/imprint\\\/#breadcrumb\",\"itemListElement\":[{\"@type\":\"ListItem\",\"position\":1,\"name\":\"Startseite\",\"item\":\"https:\\\/\\\/shop.austrodiesel.at\\\/en\\\/\"},{\"@type\":\"ListItem\",\"position\":2,\"name\":\"Imprint\"}]},{\"@type\":\"WebSite\",\"@id\":\"https:\\\/\\\/shop.austrodiesel.at\\\/en\\\/#website\",\"url\":\"https:\\\/\\\/shop.austrodiesel.at\\\/en\\\/\",\"name\":\"Austro Diesel Fanshop\",\"description\":\"Massey Ferguson Fanartikel von Austro Diesel\",\"publisher\":{\"@id\":\"https:\\\/\\\/shop.austrodiesel.at\\\/en\\\/#organization\"},\"potentialAction\":[{\"@type\":\"SearchAction\",\"target\":{\"@type\":\"EntryPoint\",\"urlTemplate\":\"https:\\\/\\\/shop.austrodiesel.at\\\/en\\\/?s={search_term_string}\"},\"query-input\":{\"@type\":\"PropertyValueSpecification\",\"valueRequired\":true,\"valueName\":\"search_term_string\"}}],\"inLanguage\":\"en-US\"},{\"@type\":\"Organization\",\"@id\":\"https:\\\/\\\/shop.austrodiesel.at\\\/en\\\/#organization\",\"name\":\"Austro Diesel Fanshop\",\"url\":\"https:\\\/\\\/shop.austrodiesel.at\\\/en\\\/\",\"logo\":{\"@type\":\"ImageObject\",\"inLanguage\":\"en-US\",\"@id\":\"https:\\\/\\\/shop.austrodiesel.at\\\/en\\\/#\\\/schema\\\/logo\\\/image\\\/\",\"url\":\"https:\\\/\\\/shop.austrodiesel.at\\\/wp-content\\\/uploads\\\/2018\\\/12\\\/logo-white-trans-60.png\",\"contentUrl\":\"https:\\\/\\\/shop.austrodiesel.at\\\/wp-content\\\/uploads\\\/2018\\\/12\\\/logo-white-trans-60.png\",\"width\":334,\"height\":60,\"caption\":\"Austro Diesel Fanshop\"},\"image\":{\"@id\":\"https:\\\/\\\/shop.austrodiesel.at\\\/en\\\/#\\\/schema\\\/logo\\\/image\\\/\"}}]}<\/script>\n<!-- \/ Yoast SEO plugin. -->","yoast_head_json":{"title":"Imprint - Austro Diesel Fanshop","robots":{"index":"index","follow":"follow","max-snippet":"max-snippet:-1","max-image-preview":"max-image-preview:large","max-video-preview":"max-video-preview:-1"},"canonical":"https:\/\/shop.austrodiesel.at\/en\/imprint\/","og_locale":"en_US","og_type":"article","og_title":"Imprint - Austro Diesel Fanshop","og_description":"Imprint Verantwortlich f\u00fcr den Inhalt dieser Webseite im Sinn des E-Commerce-Gesetz &#8211; ECG: Austro Diesel GmbH Concorde Business Park 3\/22320 SchwechatAustria Tel: +43 1 70120-338Fax: +43 1 70120-4E-Mail (Austro Diesel Shop): Fan-Shop@austrodiesel.atSie erreichen uns von Mo \u2013 Do von 8:00 bis 16:45 und am Fr von 8:00 bis 14:00www.austrodiesel.at Gesch\u00e4ftsf\u00fchrender Gesellschafter: Ing. Johann GramGesellschaftszweck: Handel [&hellip;]","og_url":"https:\/\/shop.austrodiesel.at\/en\/imprint\/","og_site_name":"Austro Diesel Fanshop","article_modified_time":"2022-09-14T12:20:51+00:00","twitter_card":"summary_large_image","twitter_misc":{"Est. reading time":"1 minute"},"schema":{"@context":"https:\/\/schema.org","@graph":[{"@type":"WebPage","@id":"https:\/\/shop.austrodiesel.at\/en\/imprint\/","url":"https:\/\/shop.austrodiesel.at\/en\/imprint\/","name":"Imprint - Austro Diesel Fanshop","isPartOf":{"@id":"https:\/\/shop.austrodiesel.at\/en\/#website"},"datePublished":"2018-12-11T10:55:08+00:00","dateModified":"2022-09-14T12:20:51+00:00","breadcrumb":{"@id":"https:\/\/shop.austrodiesel.at\/en\/imprint\/#breadcrumb"},"inLanguage":"en-US","potentialAction":[{"@type":"ReadAction","target":["https:\/\/shop.austrodiesel.at\/en\/imprint\/"]}]},{"@type":"BreadcrumbList","@id":"https:\/\/shop.austrodiesel.at\/en\/imprint\/#breadcrumb","itemListElement":[{"@type":"ListItem","position":1,"name":"Startseite","item":"https:\/\/shop.austrodiesel.at\/en\/"},{"@type":"ListItem","position":2,"name":"Imprint"}]},{"@type":"WebSite","@id":"https:\/\/shop.austrodiesel.at\/en\/#website","url":"https:\/\/shop.austrodiesel.at\/en\/","name":"Austro Diesel Fanshop","description":"Massey Ferguson Fanartikel von Austro Diesel","publisher":{"@id":"https:\/\/shop.austrodiesel.at\/en\/#organization"},"potentialAction":[{"@type":"SearchAction","target":{"@type":"EntryPoint","urlTemplate":"https:\/\/shop.austrodiesel.at\/en\/?s={search_term_string}"},"query-input":{"@type":"PropertyValueSpecification","valueRequired":true,"valueName":"search_term_string"}}],"inLanguage":"en-US"},{"@type":"Organization","@id":"https:\/\/shop.austrodiesel.at\/en\/#organization","name":"Austro Diesel Fanshop","url":"https:\/\/shop.austrodiesel.at\/en\/","logo":{"@type":"ImageObject","inLanguage":"en-US","@id":"https:\/\/shop.austrodiesel.at\/en\/#\/schema\/logo\/image\/","url":"https:\/\/shop.austrodiesel.at\/wp-content\/uploads\/2018\/12\/logo-white-trans-60.png","contentUrl":"https:\/\/shop.austrodiesel.at\/wp-content\/uploads\/2018\/12\/logo-white-trans-60.png","width":334,"height":60,"caption":"Austro Diesel Fanshop"},"image":{"@id":"https:\/\/shop.austrodiesel.at\/en\/#\/schema\/logo\/image\/"}}]}},"_links":{"self":[{"href":"https:\/\/shop.austrodiesel.at\/en\/wp-json\/wp\/v2\/pages\/287","targetHints":{"allow":["GET"]}}],"collection":[{"href":"https:\/\/shop.austrodiesel.at\/en\/wp-json\/wp\/v2\/pages"}],"about":[{"href":"https:\/\/shop.austrodiesel.at\/en\/wp-json\/wp\/v2\/types\/page"}],"author":[{"embeddable":true,"href":"https:\/\/shop.austrodiesel.at\/en\/wp-json\/wp\/v2\/users\/95"}],"replies":[{"embeddable":true,"href":"https:\/\/shop.austrodiesel.at\/en\/wp-json\/wp\/v2\/comments?post=287"}],"version-history":[{"count":0,"href":"https:\/\/shop.austrodiesel.at\/en\/wp-json\/wp\/v2\/pages\/287\/revisions"}],"wp:attachment":[{"href":"https:\/\/shop.austrodiesel.at\/en\/wp-json\/wp\/v2\/media?parent=287"}],"curies":[{"name":"wp","href":"https:\/\/api.w.org\/{rel}","templated":true}]}}